{"id":46739,"date":"2021-08-19T09:11:17","date_gmt":"2021-08-19T07:11:17","guid":{"rendered":"https:\/\/dev.klb-koetztal.de\/produkt\/klb-system-acryl-ac-beschleuniger-10\/"},"modified":"2026-04-01T12:44:40","modified_gmt":"2026-04-01T10:44:40","slug":"klb-system-acryl-ac-beschleuniger-10","status":"publish","type":"product","link":"https:\/\/www.klb-koetztal.de\/en\/produkt\/klb-system-acryl-ac-beschleuniger-10\/","title":{"rendered":"KLB-SYSTEM ACRYL AC Beschleuniger 10"},"content":{"rendered":"","protected":false},"excerpt":{"rendered":"<p>Hardener accelerator for acrylic resins for temperatures below 0 \u00b0C \/ 32 \u00b0F. The accelerator must never be added above a temperature of 5 \u00b0C \/ 41 \u00b0F. Add the amount&#160;to the acrylic resin according to the respective product information. Observe the processing instructions in the product information!<\/p>\n","protected":false},"featured_media":50358,"template":"","meta":{"_acf_changed":false},"product_brand":[],"product_cat":[9607,9655],"product_tag":[],"class_list":{"0":"post-46739","1":"product","2":"type-product","3":"status-publish","4":"has-post-thumbnail","6":"product_cat-primers","7":"product_cat-pmma-primers","9":"first","10":"instock","11":"shipping-taxable","12":"product-type-simple"},"acf":{"product_header":{"module_product_header":{"":null,"prototype_headline":{"headline":"KLB-SYSTEM ACRYL AC Beschleuniger 10","h1":true,"subheadline":"Reactive accelerator for PMMA resins at&#160;low processing temperatures of under 0 \u00b0C \/ 32 \u00b0F","anchor":"","url":""},"grid_text_slider":false,"grid_text_content":[{"text":"<p class=\"product-short-title\" style=\"text-align: center;\"><strong>Brief description<\/strong><\/p>\n<p>Hardener accelerator for acrylic resins for temperatures below 0 \u00b0C \/ 32 \u00b0F. The accelerator must never be added above a temperature of 5 \u00b0C \/ 41 \u00b0F. Add the amount&#160;to the acrylic resin according to the respective product information. Observe the processing instructions in the product information!<\/p>\n","width":"4","background_color_text":"bg-white","border_color":"border-gray-light"},{"text":"<p class=\"product-sicing-title\" style=\"text-align: center;\"><strong>Packaging units<\/strong><\/p>\n<ul>\n<li>MA0002-97 &#8211; Bottle 0.20 kg<\/li>\n<li>MA0002-92 &#8211; Bottle 1.00 kg<\/li>\n<\/ul>\n<p><\/p>\n<p>Please do not hesitate to contact us directly for enquiries about larger delivery quantities or packaging units.<\/p>\n\n","width":"4","background_color_text":"bg-white","border_color":"border-gray-light"},{"text":"<p class=\"product-attr-title\" style=\"text-align: center;\"><strong>Properties<\/strong><\/p>\n<ul>\n<li>time-saving<\/li>\n<\/ul>\n","width":"4","background_color_text":"bg-white","border_color":"border-gray-light"}],"background_color":"bg-none","background_color_content":"bg-none"}},"downloads":{"module_download_list":{"inhalt":null,"downloads":[{"download":{"ID":55237,"id":55237,"title":"AC_Beschleuniger_10_PI_fr_2023_02-1","filename":"AC_Beschleuniger_10_PI_fr_2023_02-1.pdf","filesize":169995,"url":"https:\/\/www.klb-koetztal.de\/app\/uploads\/2023\/02\/AC_Beschleuniger_10_PI_fr_2023_02-1.pdf","link":"https:\/\/www.klb-koetztal.de\/en\/?attachment_id=55237","alt":"","author":"7","description":"","caption":"","name":"ac_beschleuniger_10_pi_fr_2023_02-1-2","status":"inherit","uploaded_to":0,"date":"2023-02-23 14:40:09","modified":"2023-02-23 14:40:09","menu_order":0,"mime_type":"application\/pdf","type":"application","subtype":"pdf","icon":"https:\/\/www.klb-koetztal.de\/wp\/wp-includes\/images\/media\/document.png"},"filename":"Information Produit FR","protected":false,"doclang":"FR","externalkey":"Produktinformation","docpos":"3"},{"download":{"ID":55240,"id":55240,"title":"AC_Beschleuniger_10_PI_en_2023_02","filename":"AC_Beschleuniger_10_PI_en_2023_02.pdf","filesize":168829,"url":"https:\/\/www.klb-koetztal.de\/app\/uploads\/2023\/02\/AC_Beschleuniger_10_PI_en_2023_02.pdf","link":"https:\/\/www.klb-koetztal.de\/en\/?attachment_id=55240","alt":"","author":"7","description":"","caption":"","name":"ac_beschleuniger_10_pi_en_2023_02-2","status":"inherit","uploaded_to":0,"date":"2023-02-23 14:40:10","modified":"2023-02-23 14:40:10","menu_order":0,"mime_type":"application\/pdf","type":"application","subtype":"pdf","icon":"https:\/\/www.klb-koetztal.de\/wp\/wp-includes\/images\/media\/document.png"},"filename":"Product Information","protected":false,"doclang":"GB","externalkey":"Produktinformation","docpos":"2"},{"download":false,"filename":"Safety data sheet","protected":true,"doclang":"GB","externalkey":"Sicherheitsdatenblatt","docpos":"2"},{"download":false,"filename":"Fiche de donn\u00e9es de s\u00e9curit\u00e9 FR","protected":true,"doclang":"FR","externalkey":"Sicherheitsdatenblatt","docpos":"3"}],"einstellungen":null,"background_color":"bg-none","background_color_content":"bg-none"}},"included_in_systems":{"module_included_in_systems":{"":null,"background_color":"bg-gray-medium","background_color_content":"bg-none"}},"contact":{"module_contact":{"":null,"background_color":"bg-none","background_color_content":"bg-none"}},"ausschreibende":{"module_ausschreibende":{"andern_sie_den_inhalt_unter_universelle_elemente":null,"background_color":"bg-none","background_color_content":"bg-none"}}},"yoast_head":"<!-- This site is optimized with the Yoast SEO plugin v27.0 - https:\/\/yoast.com\/product\/yoast-seo-wordpress\/ -->\n<title>Hardener accelerator for acrylic resins AC Beschleuniger 10 | KLB<\/title>\n<meta name=\"description\" content=\"Reactive accelerator for acrylic resins AC Beschleuniger 10 | KLB floor coatings \u2714\ufe0f at low processing temperatures of under 0 \u00b0C \/ 32 \u00b0F\" \/>\n<meta name=\"robots\" content=\"noindex, follow, max-snippet:-1, max-image-preview:large, max-video-preview:-1\" \/>\n<meta property=\"og:locale\" content=\"en_GB\" \/>\n<meta property=\"og:type\" content=\"article\" \/>\n<meta property=\"og:title\" content=\"Hardener accelerator for acrylic resins AC Beschleuniger 10 | KLB\" \/>\n<meta property=\"og:description\" content=\"Reactive accelerator for acrylic resins AC Beschleuniger 10 | KLB floor coatings \u2714\ufe0f at low processing temperatures of under 0 \u00b0C \/ 32 \u00b0F\" \/>\n<meta property=\"og:url\" content=\"https:\/\/www.klb-koetztal.de\/en\/produkt\/klb-system-acryl-ac-beschleuniger-10\/\" \/>\n<meta property=\"og:site_name\" content=\"KLB K\u00f6tztal\" \/>\n<meta property=\"article:publisher\" content=\"https:\/\/www.facebook.com\/klbkoetztal\" \/>\n<meta property=\"article:modified_time\" content=\"2026-04-01T10:44:40+00:00\" \/>\n<meta property=\"og:image\" content=\"https:\/\/www.klb-koetztal.de\/app\/uploads\/2022\/03\/Produkt_Platzhalter.jpg\" \/>\n\t<meta property=\"og:image:width\" content=\"500\" \/>\n\t<meta property=\"og:image:height\" content=\"500\" \/>\n\t<meta property=\"og:image:type\" content=\"image\/jpeg\" \/>\n<meta name=\"twitter:card\" content=\"summary_large_image\" \/>\n<script type=\"application\/ld+json\" class=\"yoast-schema-graph\">{\"@context\":\"https:\/\/schema.org\",\"@graph\":[{\"@type\":\"WebPage\",\"@id\":\"https:\/\/www.klb-koetztal.de\/en\/produkt\/klb-system-acryl-ac-beschleuniger-10\/\",\"url\":\"https:\/\/www.klb-koetztal.de\/en\/produkt\/klb-system-acryl-ac-beschleuniger-10\/\",\"name\":\"Hardener accelerator for acrylic resins AC Beschleuniger 10 | KLB\",\"isPartOf\":{\"@id\":\"https:\/\/www.klb-koetztal.de\/en\/#website\"},\"primaryImageOfPage\":{\"@id\":\"https:\/\/www.klb-koetztal.de\/en\/produkt\/klb-system-acryl-ac-beschleuniger-10\/#primaryimage\"},\"image\":{\"@id\":\"https:\/\/www.klb-koetztal.de\/en\/produkt\/klb-system-acryl-ac-beschleuniger-10\/#primaryimage\"},\"thumbnailUrl\":\"https:\/\/www.klb-koetztal.de\/app\/uploads\/2022\/03\/Produkt_Platzhalter.jpg\",\"datePublished\":\"2021-08-19T07:11:17+00:00\",\"dateModified\":\"2026-04-01T10:44:40+00:00\",\"description\":\"Reactive accelerator for acrylic resins AC Beschleuniger 10 | KLB floor coatings \u2714\ufe0f at low processing temperatures of under 0 \u00b0C \/ 32 \u00b0F\",\"breadcrumb\":{\"@id\":\"https:\/\/www.klb-koetztal.de\/en\/produkt\/klb-system-acryl-ac-beschleuniger-10\/#breadcrumb\"},\"inLanguage\":\"en-GB\",\"potentialAction\":[{\"@type\":\"ReadAction\",\"target\":[\"https:\/\/www.klb-koetztal.de\/en\/produkt\/klb-system-acryl-ac-beschleuniger-10\/\"]}]},{\"@type\":\"ImageObject\",\"inLanguage\":\"en-GB\",\"@id\":\"https:\/\/www.klb-koetztal.de\/en\/produkt\/klb-system-acryl-ac-beschleuniger-10\/#primaryimage\",\"url\":\"https:\/\/www.klb-koetztal.de\/app\/uploads\/2022\/03\/Produkt_Platzhalter.jpg\",\"contentUrl\":\"https:\/\/www.klb-koetztal.de\/app\/uploads\/2022\/03\/Produkt_Platzhalter.jpg\",\"width\":500,\"height\":500},{\"@type\":\"BreadcrumbList\",\"@id\":\"https:\/\/www.klb-koetztal.de\/en\/produkt\/klb-system-acryl-ac-beschleuniger-10\/#breadcrumb\",\"itemListElement\":[{\"@type\":\"ListItem\",\"position\":1,\"name\":\"Startseite\",\"item\":\"https:\/\/www.klb-koetztal.de\/en\/\"},{\"@type\":\"ListItem\",\"position\":2,\"name\":\"KLB-SYSTEM ACRYL AC Beschleuniger 10\"}]},{\"@type\":\"WebSite\",\"@id\":\"https:\/\/www.klb-koetztal.de\/en\/#website\",\"url\":\"https:\/\/www.klb-koetztal.de\/en\/\",\"name\":\"KLB K\u00f6tztal\",\"description\":\"Gute B\u00f6den haben ein System.\",\"potentialAction\":[{\"@type\":\"SearchAction\",\"target\":{\"@type\":\"EntryPoint\",\"urlTemplate\":\"https:\/\/www.klb-koetztal.de\/en\/?s={search_term_string}\"},\"query-input\":{\"@type\":\"PropertyValueSpecification\",\"valueRequired\":true,\"valueName\":\"search_term_string\"}}],\"inLanguage\":\"en-GB\"}]}<\/script>\n<!-- \/ Yoast SEO plugin. -->","yoast_head_json":{"title":"Hardener accelerator for acrylic resins AC Beschleuniger 10 | KLB","description":"Reactive accelerator for acrylic resins AC Beschleuniger 10 | KLB floor coatings \u2714\ufe0f at low processing temperatures of under 0 \u00b0C \/ 32 \u00b0F","robots":{"index":"noindex","follow":"follow","max-snippet":"max-snippet:-1","max-image-preview":"max-image-preview:large","max-video-preview":"max-video-preview:-1"},"og_locale":"en_GB","og_type":"article","og_title":"Hardener accelerator for acrylic resins AC Beschleuniger 10 | KLB","og_description":"Reactive accelerator for acrylic resins AC Beschleuniger 10 | KLB floor coatings \u2714\ufe0f at low processing temperatures of under 0 \u00b0C \/ 32 \u00b0F","og_url":"https:\/\/www.klb-koetztal.de\/en\/produkt\/klb-system-acryl-ac-beschleuniger-10\/","og_site_name":"KLB K\u00f6tztal","article_publisher":"https:\/\/www.facebook.com\/klbkoetztal","article_modified_time":"2026-04-01T10:44:40+00:00","og_image":[{"width":500,"height":500,"url":"https:\/\/www.klb-koetztal.de\/app\/uploads\/2022\/03\/Produkt_Platzhalter.jpg","type":"image\/jpeg"}],"twitter_card":"summary_large_image","schema":{"@context":"https:\/\/schema.org","@graph":[{"@type":"WebPage","@id":"https:\/\/www.klb-koetztal.de\/en\/produkt\/klb-system-acryl-ac-beschleuniger-10\/","url":"https:\/\/www.klb-koetztal.de\/en\/produkt\/klb-system-acryl-ac-beschleuniger-10\/","name":"Hardener accelerator for acrylic resins AC Beschleuniger 10 | KLB","isPartOf":{"@id":"https:\/\/www.klb-koetztal.de\/en\/#website"},"primaryImageOfPage":{"@id":"https:\/\/www.klb-koetztal.de\/en\/produkt\/klb-system-acryl-ac-beschleuniger-10\/#primaryimage"},"image":{"@id":"https:\/\/www.klb-koetztal.de\/en\/produkt\/klb-system-acryl-ac-beschleuniger-10\/#primaryimage"},"thumbnailUrl":"https:\/\/www.klb-koetztal.de\/app\/uploads\/2022\/03\/Produkt_Platzhalter.jpg","datePublished":"2021-08-19T07:11:17+00:00","dateModified":"2026-04-01T10:44:40+00:00","description":"Reactive accelerator for acrylic resins AC Beschleuniger 10 | KLB floor coatings \u2714\ufe0f at low processing temperatures of under 0 \u00b0C \/ 32 \u00b0F","breadcrumb":{"@id":"https:\/\/www.klb-koetztal.de\/en\/produkt\/klb-system-acryl-ac-beschleuniger-10\/#breadcrumb"},"inLanguage":"en-GB","potentialAction":[{"@type":"ReadAction","target":["https:\/\/www.klb-koetztal.de\/en\/produkt\/klb-system-acryl-ac-beschleuniger-10\/"]}]},{"@type":"ImageObject","inLanguage":"en-GB","@id":"https:\/\/www.klb-koetztal.de\/en\/produkt\/klb-system-acryl-ac-beschleuniger-10\/#primaryimage","url":"https:\/\/www.klb-koetztal.de\/app\/uploads\/2022\/03\/Produkt_Platzhalter.jpg","contentUrl":"https:\/\/www.klb-koetztal.de\/app\/uploads\/2022\/03\/Produkt_Platzhalter.jpg","width":500,"height":500},{"@type":"BreadcrumbList","@id":"https:\/\/www.klb-koetztal.de\/en\/produkt\/klb-system-acryl-ac-beschleuniger-10\/#breadcrumb","itemListElement":[{"@type":"ListItem","position":1,"name":"Startseite","item":"https:\/\/www.klb-koetztal.de\/en\/"},{"@type":"ListItem","position":2,"name":"KLB-SYSTEM ACRYL AC Beschleuniger 10"}]},{"@type":"WebSite","@id":"https:\/\/www.klb-koetztal.de\/en\/#website","url":"https:\/\/www.klb-koetztal.de\/en\/","name":"KLB K\u00f6tztal","description":"Gute B\u00f6den haben ein System.","potentialAction":[{"@type":"SearchAction","target":{"@type":"EntryPoint","urlTemplate":"https:\/\/www.klb-koetztal.de\/en\/?s={search_term_string}"},"query-input":{"@type":"PropertyValueSpecification","valueRequired":true,"valueName":"search_term_string"}}],"inLanguage":"en-GB"}]}},"_links":{"self":[{"href":"https:\/\/www.klb-koetztal.de\/en\/wp-json\/wp\/v2\/product\/46739","targetHints":{"allow":["GET"]}}],"collection":[{"href":"https:\/\/www.klb-koetztal.de\/en\/wp-json\/wp\/v2\/product"}],"about":[{"href":"https:\/\/www.klb-koetztal.de\/en\/wp-json\/wp\/v2\/types\/product"}],"wp:featuredmedia":[{"embeddable":true,"href":"https:\/\/www.klb-koetztal.de\/en\/wp-json\/wp\/v2\/media\/50358"}],"wp:attachment":[{"href":"https:\/\/www.klb-koetztal.de\/en\/wp-json\/wp\/v2\/media?parent=46739"}],"wp:term":[{"taxonomy":"product_brand","embeddable":true,"href":"https:\/\/www.klb-koetztal.de\/en\/wp-json\/wp\/v2\/product_brand?post=46739"},{"taxonomy":"product_cat","embeddable":true,"href":"https:\/\/www.klb-koetztal.de\/en\/wp-json\/wp\/v2\/product_cat?post=46739"},{"taxonomy":"product_tag","embeddable":true,"href":"https:\/\/www.klb-koetztal.de\/en\/wp-json\/wp\/v2\/product_tag?post=46739"}],"curies":[{"name":"wp","href":"https:\/\/api.w.org\/{rel}","templated":true}]}}