{"id":46737,"date":"2021-08-19T09:10:42","date_gmt":"2021-08-19T07:10:42","guid":{"rendered":"https:\/\/dev.klb-koetztal.de\/produkt\/klb-system-polyurethan-pu-806-e-r10\/"},"modified":"2026-04-01T12:50:26","modified_gmt":"2026-04-01T10:50:26","slug":"klb-system-polyurethan-pu-806-e-r10","status":"publish","type":"product","link":"https:\/\/www.klb-koetztal.de\/en\/produkt\/klb-system-polyurethan-pu-806-e-r10\/","title":{"rendered":"KLB-SYSTEM POLYURETHAN PU 806 E &#8211; R10"},"content":{"rendered":"","protected":false},"excerpt":{"rendered":"<p>Low-emission, coloured and light-stable 2-component&#160;matt sealer on the basis of&#160;a high-quality polyurethane dispersion system, designed to have a slip-resistance grade of R10 (also suitable for areas with demands on R9).&#160;The easy-to-apply sealer can be used on coatings and coverings as opaque, matt final layer.&#160;<br \/>\nSuitable for coatings that must comply with Eurofins&#160;&#8221;Indoor Air Comfort&#8221; and the Gold certification. Compliant with AgBB for recreation rooms.<\/p>\n","protected":false},"featured_media":50235,"template":"","meta":{"_acf_changed":false},"product_brand":[],"product_cat":[9609,9631,9621,9630],"product_tag":[],"class_list":{"0":"post-46737","1":"product","2":"type-product","3":"status-publish","4":"has-post-thumbnail","6":"product_cat-coatings","7":"product_cat-vapour-permeable-coatings-and-sealers","8":"product_cat-sealers-impregnations","9":"product_cat-2-component-polyurethane-sealers-water-emulsified","11":"first","12":"instock","13":"shipping-taxable","14":"product-type-simple"},"acf":{"product_header":{"module_product_header":{"":null,"prototype_headline":{"headline":"KLB-SYSTEM POLYURETHAN PU 806 E - R10","h1":true,"subheadline":"Slip-resistant 2-component polyurethane matt sealer, light-stable and low-emission for floor coverings with&#160;a defined slip-resistance grade&#160;R10&#160;","anchor":"","url":""},"grid_text_slider":false,"grid_text_content":[{"text":"<p class=\"product-short-title\" style=\"text-align: center;\"><strong>Brief description<\/strong><\/p>\n<p>Low-emission, coloured and light-stable 2-component&#160;matt sealer on the basis of&#160;a high-quality polyurethane dispersion system, designed to have a slip-resistance grade of R10 (also suitable for areas with demands on R9).&#160;The easy-to-apply sealer can be used on coatings and coverings as opaque, matt final layer.&#160;<\/p>\n<p>Suitable for coatings that must comply with Eurofins&#160;&#8221;Indoor Air Comfort&#8221; and the Gold certification. Compliant with AgBB for recreation rooms.<\/p>\n","width":"4","background_color_text":"bg-white","border_color":"border-gray-light"},{"text":"<p class=\"product-sicing-title\" style=\"text-align: center;\"><strong>Packaging units<\/strong><\/p>\n<ul>\n<li>AK6517-70 &#8211; Combo packaging 5.25 kg<\/li>\n<li>AK6517-40 &#8211; Combo packaging 10.50 kg<\/li>\n<\/ul>\n<p><\/p>\n<p>Please do not hesitate to contact us directly for enquiries about larger delivery quantities or packaging units.<\/p>\n\n","width":"4","background_color_text":"bg-white","border_color":"border-gray-light"},{"text":"<p class=\"product-attr-title\" style=\"text-align: center;\"><strong>Properties<\/strong><\/p>\n<ul>\n<li>decorative, appealing surface<\/li>\n<li>even surface<\/li>\n<li>water vapour-permeable<\/li>\n<li>tested, low-emission quality<\/li>\n<li>environmentally friendly<\/li>\n<li>very high adhesion<\/li>\n<li>resistant to abrasion and wear<\/li>\n<li>slip-resistant<\/li>\n<\/ul>\n","width":"4","background_color_text":"bg-white","border_color":"border-gray-light"}],"background_color":"bg-none","background_color_content":"bg-none"}},"downloads":{"module_download_list":{"inhalt":null,"downloads":[{"download":{"ID":66316,"id":66316,"title":"PU_806_E_R10_PI_fr_2025_07","filename":"PU_806_E_R10_PI_fr_2025_07.pdf","filesize":1581332,"url":"https:\/\/www.klb-koetztal.de\/app\/uploads\/2025\/07\/PU_806_E_R10_PI_fr_2025_07.pdf","link":"https:\/\/www.klb-koetztal.de\/en\/?attachment_id=66316","alt":"","author":"7","description":"","caption":"","name":"pu_806_e_r10_pi_fr_2025_07-2","status":"inherit","uploaded_to":0,"date":"2025-07-08 13:41:45","modified":"2025-07-08 13:41:45","menu_order":0,"mime_type":"application\/pdf","type":"application","subtype":"pdf","icon":"https:\/\/www.klb-koetztal.de\/wp\/wp-includes\/images\/media\/document.png"},"filename":"Information Produit FR","protected":false,"doclang":"FR","externalkey":"Produktinformation","docpos":"3"},{"download":{"ID":69573,"id":69573,"title":"PU_806_E_R10_PI_en_2026_03-1","filename":"PU_806_E_R10_PI_en_2026_03-1.pdf","filesize":992871,"url":"https:\/\/www.klb-koetztal.de\/app\/uploads\/2026\/03\/PU_806_E_R10_PI_en_2026_03-1.pdf","link":"https:\/\/www.klb-koetztal.de\/en\/?attachment_id=69573","alt":"","author":"7","description":"","caption":"","name":"pu_806_e_r10_pi_en_2026_03-1-2","status":"inherit","uploaded_to":0,"date":"2026-03-16 15:46:06","modified":"2026-03-16 15:46:06","menu_order":0,"mime_type":"application\/pdf","type":"application","subtype":"pdf","icon":"https:\/\/www.klb-koetztal.de\/wp\/wp-includes\/images\/media\/document.png"},"filename":"Product Information","protected":false,"doclang":"GB","externalkey":"Produktinformation","docpos":"2"},{"download":{"ID":57662,"id":57662,"title":"PU806_E_R10_PU806_E_R10_Clean_LE_2019-10","filename":"PU806_E_R10_PU806_E_R10_Clean_LE_2019-10.pdf","filesize":677506,"url":"https:\/\/www.klb-koetztal.de\/app\/uploads\/2023\/07\/PU806_E_R10_PU806_E_R10_Clean_LE_2019-10.pdf","link":"https:\/\/www.klb-koetztal.de\/en\/?attachment_id=57662","alt":"","author":"7","description":"","caption":"","name":"pu806_e_r10_pu806_e_r10_clean_le_2019-10-2","status":"inherit","uploaded_to":0,"date":"2023-07-27 15:03:02","modified":"2023-07-27 15:03:02","menu_order":0,"mime_type":"application\/pdf","type":"application","subtype":"pdf","icon":"https:\/\/www.klb-koetztal.de\/wp\/wp-includes\/images\/media\/document.png"},"filename":"Statement of performance - Leistungserkl\u00e4rung","protected":false,"doclang":"Multi","externalkey":"Leistungserklaerung","docpos":"50"},{"download":{"ID":51307,"id":51307,"title":"EPD-Information","filename":"PU806E_R10_Umwelt-Deklaration_2022-06.pdf","filesize":2561736,"url":"https:\/\/www.klb-koetztal.de\/app\/uploads\/2022\/06\/PU806E_R10_Umwelt-Deklaration_2022-06.pdf","link":"https:\/\/www.klb-koetztal.de\/en\/?attachment_id=51307","alt":"","author":"7","description":"","caption":"","name":"pu806e_r10_umwelt-deklaration_2022-06","status":"inherit","uploaded_to":0,"date":"2022-06-30 12:22:57","modified":"2026-04-01 10:50:39","menu_order":0,"mime_type":"application\/pdf","type":"application","subtype":"pdf","icon":"https:\/\/www.klb-koetztal.de\/wp\/wp-includes\/images\/media\/document.png"},"filename":"EPD - Environmental Product Declaration","protected":false,"doclang":"Multi","externalkey":"Umweltproduktdeklaration","docpos":"50"},{"download":false,"filename":"Safety data sheet","protected":true,"doclang":"GB","externalkey":"Sicherheitsdatenblatt","docpos":"2"},{"download":false,"filename":"Fiche de donn\u00e9es de s\u00e9curit\u00e9 FR","protected":true,"doclang":"FR","externalkey":"Sicherheitsdatenblatt","docpos":"3"}],"einstellungen":null,"background_color":"bg-none","background_color_content":"bg-none"}},"included_in_systems":{"module_included_in_systems":{"":null,"background_color":"bg-gray-medium","background_color_content":"bg-none"}},"contact":{"module_contact":{"":null,"background_color":"bg-none","background_color_content":"bg-none"}},"ausschreibende":{"module_ausschreibende":{"andern_sie_den_inhalt_unter_universelle_elemente":null,"background_color":"bg-none","background_color_content":"bg-none"}}},"yoast_head":"<!-- This site is optimized with the Yoast SEO plugin v27.0 - https:\/\/yoast.com\/product\/yoast-seo-wordpress\/ -->\n<title>Low-emission 2-comp. coloured sealer PU 806 E-R10 | KLB<\/title>\n<meta name=\"description\" content=\"Low-emission, coloured and yellowing-resistant 2-component matt sealer PU 806 E-R10 with slip-resistance | KLB coating systems \u2714\ufe0f AgBB-compliant, Eurofins\" \/>\n<meta name=\"robots\" content=\"noindex, follow, max-snippet:-1, max-image-preview:large, max-video-preview:-1\" \/>\n<meta property=\"og:locale\" content=\"en_GB\" \/>\n<meta property=\"og:type\" content=\"article\" \/>\n<meta property=\"og:title\" content=\"Low-emission 2-comp. coloured sealer PU 806 E-R10 | KLB\" \/>\n<meta property=\"og:description\" content=\"Low-emission, coloured and yellowing-resistant 2-component matt sealer PU 806 E-R10 with slip-resistance | KLB coating systems \u2714\ufe0f AgBB-compliant, Eurofins\" \/>\n<meta property=\"og:url\" content=\"https:\/\/www.klb-koetztal.de\/en\/produkt\/klb-system-polyurethan-pu-806-e-r10\/\" \/>\n<meta property=\"og:site_name\" content=\"KLB K\u00f6tztal\" \/>\n<meta property=\"article:publisher\" content=\"https:\/\/www.facebook.com\/klbkoetztal\" \/>\n<meta property=\"article:modified_time\" content=\"2026-04-01T10:50:26+00:00\" \/>\n<meta property=\"og:image\" content=\"https:\/\/www.klb-koetztal.de\/app\/uploads\/2022\/03\/PU806_E_R10.jpg\" \/>\n\t<meta property=\"og:image:width\" content=\"500\" \/>\n\t<meta property=\"og:image:height\" content=\"500\" \/>\n\t<meta property=\"og:image:type\" content=\"image\/jpeg\" \/>\n<meta name=\"twitter:card\" content=\"summary_large_image\" \/>\n<script type=\"application\/ld+json\" class=\"yoast-schema-graph\">{\"@context\":\"https:\/\/schema.org\",\"@graph\":[{\"@type\":\"WebPage\",\"@id\":\"https:\/\/www.klb-koetztal.de\/en\/produkt\/klb-system-polyurethan-pu-806-e-r10\/\",\"url\":\"https:\/\/www.klb-koetztal.de\/en\/produkt\/klb-system-polyurethan-pu-806-e-r10\/\",\"name\":\"Low-emission 2-comp. coloured sealer PU 806 E-R10 | KLB\",\"isPartOf\":{\"@id\":\"https:\/\/www.klb-koetztal.de\/en\/#website\"},\"primaryImageOfPage\":{\"@id\":\"https:\/\/www.klb-koetztal.de\/en\/produkt\/klb-system-polyurethan-pu-806-e-r10\/#primaryimage\"},\"image\":{\"@id\":\"https:\/\/www.klb-koetztal.de\/en\/produkt\/klb-system-polyurethan-pu-806-e-r10\/#primaryimage\"},\"thumbnailUrl\":\"https:\/\/www.klb-koetztal.de\/app\/uploads\/2022\/03\/PU806_E_R10.jpg\",\"datePublished\":\"2021-08-19T07:10:42+00:00\",\"dateModified\":\"2026-04-01T10:50:26+00:00\",\"description\":\"Low-emission, coloured and yellowing-resistant 2-component matt sealer PU 806 E-R10 with slip-resistance | KLB coating systems \u2714\ufe0f AgBB-compliant, Eurofins\",\"breadcrumb\":{\"@id\":\"https:\/\/www.klb-koetztal.de\/en\/produkt\/klb-system-polyurethan-pu-806-e-r10\/#breadcrumb\"},\"inLanguage\":\"en-GB\",\"potentialAction\":[{\"@type\":\"ReadAction\",\"target\":[\"https:\/\/www.klb-koetztal.de\/en\/produkt\/klb-system-polyurethan-pu-806-e-r10\/\"]}]},{\"@type\":\"ImageObject\",\"inLanguage\":\"en-GB\",\"@id\":\"https:\/\/www.klb-koetztal.de\/en\/produkt\/klb-system-polyurethan-pu-806-e-r10\/#primaryimage\",\"url\":\"https:\/\/www.klb-koetztal.de\/app\/uploads\/2022\/03\/PU806_E_R10.jpg\",\"contentUrl\":\"https:\/\/www.klb-koetztal.de\/app\/uploads\/2022\/03\/PU806_E_R10.jpg\",\"width\":500,\"height\":500},{\"@type\":\"BreadcrumbList\",\"@id\":\"https:\/\/www.klb-koetztal.de\/en\/produkt\/klb-system-polyurethan-pu-806-e-r10\/#breadcrumb\",\"itemListElement\":[{\"@type\":\"ListItem\",\"position\":1,\"name\":\"Startseite\",\"item\":\"https:\/\/www.klb-koetztal.de\/en\/\"},{\"@type\":\"ListItem\",\"position\":2,\"name\":\"KLB-SYSTEM POLYURETHAN PU 806 E &#8211; R10\"}]},{\"@type\":\"WebSite\",\"@id\":\"https:\/\/www.klb-koetztal.de\/en\/#website\",\"url\":\"https:\/\/www.klb-koetztal.de\/en\/\",\"name\":\"KLB K\u00f6tztal\",\"description\":\"Gute B\u00f6den haben ein System.\",\"potentialAction\":[{\"@type\":\"SearchAction\",\"target\":{\"@type\":\"EntryPoint\",\"urlTemplate\":\"https:\/\/www.klb-koetztal.de\/en\/?s={search_term_string}\"},\"query-input\":{\"@type\":\"PropertyValueSpecification\",\"valueRequired\":true,\"valueName\":\"search_term_string\"}}],\"inLanguage\":\"en-GB\"}]}<\/script>\n<!-- \/ Yoast SEO plugin. -->","yoast_head_json":{"title":"Low-emission 2-comp. coloured sealer PU 806 E-R10 | KLB","description":"Low-emission, coloured and yellowing-resistant 2-component matt sealer PU 806 E-R10 with slip-resistance | KLB coating systems \u2714\ufe0f AgBB-compliant, Eurofins","robots":{"index":"noindex","follow":"follow","max-snippet":"max-snippet:-1","max-image-preview":"max-image-preview:large","max-video-preview":"max-video-preview:-1"},"og_locale":"en_GB","og_type":"article","og_title":"Low-emission 2-comp. coloured sealer PU 806 E-R10 | KLB","og_description":"Low-emission, coloured and yellowing-resistant 2-component matt sealer PU 806 E-R10 with slip-resistance | KLB coating systems \u2714\ufe0f AgBB-compliant, Eurofins","og_url":"https:\/\/www.klb-koetztal.de\/en\/produkt\/klb-system-polyurethan-pu-806-e-r10\/","og_site_name":"KLB K\u00f6tztal","article_publisher":"https:\/\/www.facebook.com\/klbkoetztal","article_modified_time":"2026-04-01T10:50:26+00:00","og_image":[{"width":500,"height":500,"url":"https:\/\/www.klb-koetztal.de\/app\/uploads\/2022\/03\/PU806_E_R10.jpg","type":"image\/jpeg"}],"twitter_card":"summary_large_image","schema":{"@context":"https:\/\/schema.org","@graph":[{"@type":"WebPage","@id":"https:\/\/www.klb-koetztal.de\/en\/produkt\/klb-system-polyurethan-pu-806-e-r10\/","url":"https:\/\/www.klb-koetztal.de\/en\/produkt\/klb-system-polyurethan-pu-806-e-r10\/","name":"Low-emission 2-comp. coloured sealer PU 806 E-R10 | KLB","isPartOf":{"@id":"https:\/\/www.klb-koetztal.de\/en\/#website"},"primaryImageOfPage":{"@id":"https:\/\/www.klb-koetztal.de\/en\/produkt\/klb-system-polyurethan-pu-806-e-r10\/#primaryimage"},"image":{"@id":"https:\/\/www.klb-koetztal.de\/en\/produkt\/klb-system-polyurethan-pu-806-e-r10\/#primaryimage"},"thumbnailUrl":"https:\/\/www.klb-koetztal.de\/app\/uploads\/2022\/03\/PU806_E_R10.jpg","datePublished":"2021-08-19T07:10:42+00:00","dateModified":"2026-04-01T10:50:26+00:00","description":"Low-emission, coloured and yellowing-resistant 2-component matt sealer PU 806 E-R10 with slip-resistance | KLB coating systems \u2714\ufe0f AgBB-compliant, Eurofins","breadcrumb":{"@id":"https:\/\/www.klb-koetztal.de\/en\/produkt\/klb-system-polyurethan-pu-806-e-r10\/#breadcrumb"},"inLanguage":"en-GB","potentialAction":[{"@type":"ReadAction","target":["https:\/\/www.klb-koetztal.de\/en\/produkt\/klb-system-polyurethan-pu-806-e-r10\/"]}]},{"@type":"ImageObject","inLanguage":"en-GB","@id":"https:\/\/www.klb-koetztal.de\/en\/produkt\/klb-system-polyurethan-pu-806-e-r10\/#primaryimage","url":"https:\/\/www.klb-koetztal.de\/app\/uploads\/2022\/03\/PU806_E_R10.jpg","contentUrl":"https:\/\/www.klb-koetztal.de\/app\/uploads\/2022\/03\/PU806_E_R10.jpg","width":500,"height":500},{"@type":"BreadcrumbList","@id":"https:\/\/www.klb-koetztal.de\/en\/produkt\/klb-system-polyurethan-pu-806-e-r10\/#breadcrumb","itemListElement":[{"@type":"ListItem","position":1,"name":"Startseite","item":"https:\/\/www.klb-koetztal.de\/en\/"},{"@type":"ListItem","position":2,"name":"KLB-SYSTEM POLYURETHAN PU 806 E &#8211; R10"}]},{"@type":"WebSite","@id":"https:\/\/www.klb-koetztal.de\/en\/#website","url":"https:\/\/www.klb-koetztal.de\/en\/","name":"KLB K\u00f6tztal","description":"Gute B\u00f6den haben ein System.","potentialAction":[{"@type":"SearchAction","target":{"@type":"EntryPoint","urlTemplate":"https:\/\/www.klb-koetztal.de\/en\/?s={search_term_string}"},"query-input":{"@type":"PropertyValueSpecification","valueRequired":true,"valueName":"search_term_string"}}],"inLanguage":"en-GB"}]}},"_links":{"self":[{"href":"https:\/\/www.klb-koetztal.de\/en\/wp-json\/wp\/v2\/product\/46737","targetHints":{"allow":["GET"]}}],"collection":[{"href":"https:\/\/www.klb-koetztal.de\/en\/wp-json\/wp\/v2\/product"}],"about":[{"href":"https:\/\/www.klb-koetztal.de\/en\/wp-json\/wp\/v2\/types\/product"}],"wp:featuredmedia":[{"embeddable":true,"href":"https:\/\/www.klb-koetztal.de\/en\/wp-json\/wp\/v2\/media\/50235"}],"wp:attachment":[{"href":"https:\/\/www.klb-koetztal.de\/en\/wp-json\/wp\/v2\/media?parent=46737"}],"wp:term":[{"taxonomy":"product_brand","embeddable":true,"href":"https:\/\/www.klb-koetztal.de\/en\/wp-json\/wp\/v2\/product_brand?post=46737"},{"taxonomy":"product_cat","embeddable":true,"href":"https:\/\/www.klb-koetztal.de\/en\/wp-json\/wp\/v2\/product_cat?post=46737"},{"taxonomy":"product_tag","embeddable":true,"href":"https:\/\/www.klb-koetztal.de\/en\/wp-json\/wp\/v2\/product_tag?post=46737"}],"curies":[{"name":"wp","href":"https:\/\/api.w.org\/{rel}","templated":true}]}}