{"id":46732,"date":"2021-08-19T09:09:08","date_gmt":"2021-08-19T07:09:08","guid":{"rendered":"https:\/\/dev.klb-koetztal.de\/produkt\/klb-system-polyurethan-pu-805-e-r10\/"},"modified":"2026-04-01T12:50:05","modified_gmt":"2026-04-01T10:50:05","slug":"klb-system-polyurethan-pu-805-e-r10","status":"publish","type":"product","link":"https:\/\/www.klb-koetztal.de\/en\/produkt\/klb-system-polyurethan-pu-805-e-r10\/","title":{"rendered":"KLB-SYSTEM POLYURETHAN PU 805 E &#8211; R10"},"content":{"rendered":"","protected":false},"excerpt":{"rendered":"<p>Low-emission, non-pigmented and light-stable 2-component matt sealer on the basis of&#160;a high-quality polyurethane dispersion system, with good processability. The sealer can be applied as matt finish onto coatings and coverings, designed to have a slip-resistance grade of R10 (also suitable for areas with demands on R9).&#160;<br \/>\nSuitable for coatings that must comply with Eurofins &#8220;Indoor Air Comfort&#8221; and the Gold-certification. Compliant with AgBB&#160;for recreation rooms.<\/p>\n","protected":false},"featured_media":50205,"template":"","meta":{"_acf_changed":false},"product_brand":[],"product_cat":[9609,9631,9621,9630],"product_tag":[],"class_list":{"0":"post-46732","1":"product","2":"type-product","3":"status-publish","4":"has-post-thumbnail","6":"product_cat-coatings","7":"product_cat-vapour-permeable-coatings-and-sealers","8":"product_cat-sealers-impregnations","9":"product_cat-2-component-polyurethane-sealers-water-emulsified","11":"first","12":"instock","13":"shipping-taxable","14":"product-type-simple"},"acf":{"product_header":{"module_product_header":{"":null,"prototype_headline":{"headline":"KLB-SYSTEM POLYURETHAN PU 805 E - R10","h1":true,"subheadline":"Slip-resistant,&#160;environmentally friendly and light-stable 2-component polyurethane matt sealer, tested within the system for low emissions&#160;and compliant with AgBB","anchor":"","url":""},"grid_text_slider":false,"grid_text_content":[{"text":"<p class=\"product-short-title\" style=\"text-align: center;\"><strong>Brief description<\/strong><\/p>\n<p>Low-emission, non-pigmented and light-stable 2-component matt sealer on the basis of&#160;a high-quality polyurethane dispersion system, with good processability. The sealer can be applied as matt finish onto coatings and coverings, designed to have a slip-resistance grade of R10 (also suitable for areas with demands on R9).&#160;<\/p>\n<p>Suitable for coatings that must comply with Eurofins &#8220;Indoor Air Comfort&#8221; and the Gold-certification. Compliant with AgBB&#160;for recreation rooms.<\/p>\n","width":"4","background_color_text":"bg-white","border_color":"border-gray-light"},{"text":"<p class=\"product-sicing-title\" style=\"text-align: center;\"><strong>Packaging units<\/strong><\/p>\n<ul>\n<li>PU6519-69 &#8211; Combo packaging 5.25 kg<\/li>\n<li>PU6519-50 &#8211; Combo packaging 10.50 kg<\/li>\n<\/ul>\n<p><\/p>\n<p>Please do not hesitate to contact us directly for enquiries about larger delivery quantities or packaging units.<\/p>\n\n","width":"4","background_color_text":"bg-white","border_color":"border-gray-light"},{"text":"<p class=\"product-attr-title\" style=\"text-align: center;\"><strong>Properties<\/strong><\/p>\n<ul>\n<li>even surface<\/li>\n<li>matt<\/li>\n<li>good processing properties<\/li>\n<li>tested, low-emission quality<\/li>\n<li>environmentally friendly<\/li>\n<li>Total Solid according to GISCODE<\/li>\n<li>odorless<\/li>\n<li>water vapour-permeable<\/li>\n<li>very high adhesion<\/li>\n<li>resistant to abrasion and wear<\/li>\n<li>slip-resistant<\/li>\n<\/ul>\n","width":"4","background_color_text":"bg-white","border_color":"border-gray-light"}],"background_color":"bg-none","background_color_content":"bg-none"}},"downloads":{"module_download_list":{"inhalt":null,"downloads":[{"download":{"ID":69567,"id":69567,"title":"PU_805_E_R10_PI_en_2026_03-2","filename":"PU_805_E_R10_PI_en_2026_03-2.pdf","filesize":992475,"url":"https:\/\/www.klb-koetztal.de\/app\/uploads\/2026\/03\/PU_805_E_R10_PI_en_2026_03-2.pdf","link":"https:\/\/www.klb-koetztal.de\/en\/?attachment_id=69567","alt":"","author":"7","description":"","caption":"","name":"pu_805_e_r10_pi_en_2026_03-2-2","status":"inherit","uploaded_to":0,"date":"2026-03-16 15:45:57","modified":"2026-03-16 15:45:57","menu_order":0,"mime_type":"application\/pdf","type":"application","subtype":"pdf","icon":"https:\/\/www.klb-koetztal.de\/wp\/wp-includes\/images\/media\/document.png"},"filename":"Product Information","protected":false,"doclang":"GB","externalkey":"Produktinformation","docpos":"2"},{"download":{"ID":69621,"id":69621,"title":"PU_805_E_R10_PI_fr_2026_03-2","filename":"PU_805_E_R10_PI_fr_2026_03-2.pdf","filesize":998730,"url":"https:\/\/www.klb-koetztal.de\/app\/uploads\/2026\/03\/PU_805_E_R10_PI_fr_2026_03-2.pdf","link":"https:\/\/www.klb-koetztal.de\/en\/?attachment_id=69621","alt":"","author":"7","description":"","caption":"","name":"pu_805_e_r10_pi_fr_2026_03-2-2","status":"inherit","uploaded_to":0,"date":"2026-03-17 07:20:22","modified":"2026-03-17 07:20:22","menu_order":0,"mime_type":"application\/pdf","type":"application","subtype":"pdf","icon":"https:\/\/www.klb-koetztal.de\/wp\/wp-includes\/images\/media\/document.png"},"filename":"Information Produit FR","protected":false,"doclang":"FR","externalkey":"Produktinformation","docpos":"3"},{"download":{"ID":50199,"id":50199,"title":"PU805_E_LE_2013-04.pdf","filename":"PU805_E_LE_2013-04.pdf","filesize":170173,"url":"https:\/\/www.klb-koetztal.de\/app\/uploads\/2022\/03\/PU805_E_LE_2013-04.pdf","link":"https:\/\/www.klb-koetztal.de\/en\/?attachment_id=50199","alt":"","author":"7","description":"","caption":"","name":"pu805_e_le_2013-04","status":"inherit","uploaded_to":0,"date":"2022-03-14 10:10:26","modified":"2026-04-01 10:50:14","menu_order":0,"mime_type":"application\/pdf","type":"application","subtype":"pdf","icon":"https:\/\/www.klb-koetztal.de\/wp\/wp-includes\/images\/media\/document.png"},"filename":"Declaration of performance","protected":false,"doclang":"","externalkey":"Leistungserklaerung","docpos":"Multi"},{"download":false,"filename":"EPD - Environmental Product Declaration","protected":true,"doclang":"Multi","externalkey":"Umweltproduktdeklaration","docpos":"50"},{"download":false,"filename":"Safety data sheet","protected":true,"doclang":"GB","externalkey":"Sicherheitsdatenblatt","docpos":"2"},{"download":false,"filename":"Fiche de donn\u00e9es de s\u00e9curit\u00e9 FR","protected":true,"doclang":"FR","externalkey":"Sicherheitsdatenblatt","docpos":"3"}],"einstellungen":null,"background_color":"bg-none","background_color_content":"bg-none"}},"included_in_systems":{"module_included_in_systems":{"":null,"background_color":"bg-gray-medium","background_color_content":"bg-none"}},"contact":{"module_contact":{"":null,"background_color":"bg-none","background_color_content":"bg-none"}},"ausschreibende":{"module_ausschreibende":{"andern_sie_den_inhalt_unter_universelle_elemente":null,"background_color":"bg-none","background_color_content":"bg-none"}}},"yoast_head":"<!-- This site is optimized with the Yoast SEO plugin v27.0 - https:\/\/yoast.com\/product\/yoast-seo-wordpress\/ -->\n<title>Low-VOC, non-pigmented matt sealer PU 805 E-R10 | KLB K\u00f6tztal<\/title>\n<meta name=\"description\" content=\"Low-emission, transparent, UV-stable 2-component matt sealant PU 805 E-R10 in slip-resistance grade R9\/R10 | KLB floors \u2714\ufe0f AgBB-compliant, Eurofins\" \/>\n<meta name=\"robots\" content=\"noindex, follow, max-snippet:-1, max-image-preview:large, max-video-preview:-1\" \/>\n<meta property=\"og:locale\" content=\"en_GB\" \/>\n<meta property=\"og:type\" content=\"article\" \/>\n<meta property=\"og:title\" content=\"Low-VOC, non-pigmented matt sealer PU 805 E-R10 | KLB K\u00f6tztal\" \/>\n<meta property=\"og:description\" content=\"Low-emission, transparent, UV-stable 2-component matt sealant PU 805 E-R10 in slip-resistance grade R9\/R10 | KLB floors \u2714\ufe0f AgBB-compliant, Eurofins\" \/>\n<meta property=\"og:url\" content=\"https:\/\/www.klb-koetztal.de\/en\/produkt\/klb-system-polyurethan-pu-805-e-r10\/\" \/>\n<meta property=\"og:site_name\" content=\"KLB K\u00f6tztal\" \/>\n<meta property=\"article:publisher\" content=\"https:\/\/www.facebook.com\/klbkoetztal\" \/>\n<meta property=\"article:modified_time\" content=\"2026-04-01T10:50:05+00:00\" \/>\n<meta property=\"og:image\" content=\"https:\/\/www.klb-koetztal.de\/app\/uploads\/2022\/03\/PU805_E_R10.jpg\" \/>\n\t<meta property=\"og:image:width\" content=\"500\" \/>\n\t<meta property=\"og:image:height\" content=\"500\" \/>\n\t<meta property=\"og:image:type\" content=\"image\/jpeg\" \/>\n<meta name=\"twitter:card\" content=\"summary_large_image\" \/>\n<script type=\"application\/ld+json\" class=\"yoast-schema-graph\">{\"@context\":\"https:\/\/schema.org\",\"@graph\":[{\"@type\":\"WebPage\",\"@id\":\"https:\/\/www.klb-koetztal.de\/en\/produkt\/klb-system-polyurethan-pu-805-e-r10\/\",\"url\":\"https:\/\/www.klb-koetztal.de\/en\/produkt\/klb-system-polyurethan-pu-805-e-r10\/\",\"name\":\"Low-VOC, non-pigmented matt sealer PU 805 E-R10 | KLB K\u00f6tztal\",\"isPartOf\":{\"@id\":\"https:\/\/www.klb-koetztal.de\/en\/#website\"},\"primaryImageOfPage\":{\"@id\":\"https:\/\/www.klb-koetztal.de\/en\/produkt\/klb-system-polyurethan-pu-805-e-r10\/#primaryimage\"},\"image\":{\"@id\":\"https:\/\/www.klb-koetztal.de\/en\/produkt\/klb-system-polyurethan-pu-805-e-r10\/#primaryimage\"},\"thumbnailUrl\":\"https:\/\/www.klb-koetztal.de\/app\/uploads\/2022\/03\/PU805_E_R10.jpg\",\"datePublished\":\"2021-08-19T07:09:08+00:00\",\"dateModified\":\"2026-04-01T10:50:05+00:00\",\"description\":\"Low-emission, transparent, UV-stable 2-component matt sealant PU 805 E-R10 in slip-resistance grade R9\/R10 | KLB floors \u2714\ufe0f AgBB-compliant, Eurofins\",\"breadcrumb\":{\"@id\":\"https:\/\/www.klb-koetztal.de\/en\/produkt\/klb-system-polyurethan-pu-805-e-r10\/#breadcrumb\"},\"inLanguage\":\"en-GB\",\"potentialAction\":[{\"@type\":\"ReadAction\",\"target\":[\"https:\/\/www.klb-koetztal.de\/en\/produkt\/klb-system-polyurethan-pu-805-e-r10\/\"]}]},{\"@type\":\"ImageObject\",\"inLanguage\":\"en-GB\",\"@id\":\"https:\/\/www.klb-koetztal.de\/en\/produkt\/klb-system-polyurethan-pu-805-e-r10\/#primaryimage\",\"url\":\"https:\/\/www.klb-koetztal.de\/app\/uploads\/2022\/03\/PU805_E_R10.jpg\",\"contentUrl\":\"https:\/\/www.klb-koetztal.de\/app\/uploads\/2022\/03\/PU805_E_R10.jpg\",\"width\":500,\"height\":500},{\"@type\":\"BreadcrumbList\",\"@id\":\"https:\/\/www.klb-koetztal.de\/en\/produkt\/klb-system-polyurethan-pu-805-e-r10\/#breadcrumb\",\"itemListElement\":[{\"@type\":\"ListItem\",\"position\":1,\"name\":\"Startseite\",\"item\":\"https:\/\/www.klb-koetztal.de\/en\/\"},{\"@type\":\"ListItem\",\"position\":2,\"name\":\"KLB-SYSTEM POLYURETHAN PU 805 E &#8211; R10\"}]},{\"@type\":\"WebSite\",\"@id\":\"https:\/\/www.klb-koetztal.de\/en\/#website\",\"url\":\"https:\/\/www.klb-koetztal.de\/en\/\",\"name\":\"KLB K\u00f6tztal\",\"description\":\"Gute B\u00f6den haben ein System.\",\"potentialAction\":[{\"@type\":\"SearchAction\",\"target\":{\"@type\":\"EntryPoint\",\"urlTemplate\":\"https:\/\/www.klb-koetztal.de\/en\/?s={search_term_string}\"},\"query-input\":{\"@type\":\"PropertyValueSpecification\",\"valueRequired\":true,\"valueName\":\"search_term_string\"}}],\"inLanguage\":\"en-GB\"}]}<\/script>\n<!-- \/ Yoast SEO plugin. -->","yoast_head_json":{"title":"Low-VOC, non-pigmented matt sealer PU 805 E-R10 | KLB K\u00f6tztal","description":"Low-emission, transparent, UV-stable 2-component matt sealant PU 805 E-R10 in slip-resistance grade R9\/R10 | KLB floors \u2714\ufe0f AgBB-compliant, Eurofins","robots":{"index":"noindex","follow":"follow","max-snippet":"max-snippet:-1","max-image-preview":"max-image-preview:large","max-video-preview":"max-video-preview:-1"},"og_locale":"en_GB","og_type":"article","og_title":"Low-VOC, non-pigmented matt sealer PU 805 E-R10 | KLB K\u00f6tztal","og_description":"Low-emission, transparent, UV-stable 2-component matt sealant PU 805 E-R10 in slip-resistance grade R9\/R10 | KLB floors \u2714\ufe0f AgBB-compliant, Eurofins","og_url":"https:\/\/www.klb-koetztal.de\/en\/produkt\/klb-system-polyurethan-pu-805-e-r10\/","og_site_name":"KLB K\u00f6tztal","article_publisher":"https:\/\/www.facebook.com\/klbkoetztal","article_modified_time":"2026-04-01T10:50:05+00:00","og_image":[{"width":500,"height":500,"url":"https:\/\/www.klb-koetztal.de\/app\/uploads\/2022\/03\/PU805_E_R10.jpg","type":"image\/jpeg"}],"twitter_card":"summary_large_image","schema":{"@context":"https:\/\/schema.org","@graph":[{"@type":"WebPage","@id":"https:\/\/www.klb-koetztal.de\/en\/produkt\/klb-system-polyurethan-pu-805-e-r10\/","url":"https:\/\/www.klb-koetztal.de\/en\/produkt\/klb-system-polyurethan-pu-805-e-r10\/","name":"Low-VOC, non-pigmented matt sealer PU 805 E-R10 | KLB K\u00f6tztal","isPartOf":{"@id":"https:\/\/www.klb-koetztal.de\/en\/#website"},"primaryImageOfPage":{"@id":"https:\/\/www.klb-koetztal.de\/en\/produkt\/klb-system-polyurethan-pu-805-e-r10\/#primaryimage"},"image":{"@id":"https:\/\/www.klb-koetztal.de\/en\/produkt\/klb-system-polyurethan-pu-805-e-r10\/#primaryimage"},"thumbnailUrl":"https:\/\/www.klb-koetztal.de\/app\/uploads\/2022\/03\/PU805_E_R10.jpg","datePublished":"2021-08-19T07:09:08+00:00","dateModified":"2026-04-01T10:50:05+00:00","description":"Low-emission, transparent, UV-stable 2-component matt sealant PU 805 E-R10 in slip-resistance grade R9\/R10 | KLB floors \u2714\ufe0f AgBB-compliant, Eurofins","breadcrumb":{"@id":"https:\/\/www.klb-koetztal.de\/en\/produkt\/klb-system-polyurethan-pu-805-e-r10\/#breadcrumb"},"inLanguage":"en-GB","potentialAction":[{"@type":"ReadAction","target":["https:\/\/www.klb-koetztal.de\/en\/produkt\/klb-system-polyurethan-pu-805-e-r10\/"]}]},{"@type":"ImageObject","inLanguage":"en-GB","@id":"https:\/\/www.klb-koetztal.de\/en\/produkt\/klb-system-polyurethan-pu-805-e-r10\/#primaryimage","url":"https:\/\/www.klb-koetztal.de\/app\/uploads\/2022\/03\/PU805_E_R10.jpg","contentUrl":"https:\/\/www.klb-koetztal.de\/app\/uploads\/2022\/03\/PU805_E_R10.jpg","width":500,"height":500},{"@type":"BreadcrumbList","@id":"https:\/\/www.klb-koetztal.de\/en\/produkt\/klb-system-polyurethan-pu-805-e-r10\/#breadcrumb","itemListElement":[{"@type":"ListItem","position":1,"name":"Startseite","item":"https:\/\/www.klb-koetztal.de\/en\/"},{"@type":"ListItem","position":2,"name":"KLB-SYSTEM POLYURETHAN PU 805 E &#8211; R10"}]},{"@type":"WebSite","@id":"https:\/\/www.klb-koetztal.de\/en\/#website","url":"https:\/\/www.klb-koetztal.de\/en\/","name":"KLB K\u00f6tztal","description":"Gute B\u00f6den haben ein System.","potentialAction":[{"@type":"SearchAction","target":{"@type":"EntryPoint","urlTemplate":"https:\/\/www.klb-koetztal.de\/en\/?s={search_term_string}"},"query-input":{"@type":"PropertyValueSpecification","valueRequired":true,"valueName":"search_term_string"}}],"inLanguage":"en-GB"}]}},"_links":{"self":[{"href":"https:\/\/www.klb-koetztal.de\/en\/wp-json\/wp\/v2\/product\/46732","targetHints":{"allow":["GET"]}}],"collection":[{"href":"https:\/\/www.klb-koetztal.de\/en\/wp-json\/wp\/v2\/product"}],"about":[{"href":"https:\/\/www.klb-koetztal.de\/en\/wp-json\/wp\/v2\/types\/product"}],"wp:featuredmedia":[{"embeddable":true,"href":"https:\/\/www.klb-koetztal.de\/en\/wp-json\/wp\/v2\/media\/50205"}],"wp:attachment":[{"href":"https:\/\/www.klb-koetztal.de\/en\/wp-json\/wp\/v2\/media?parent=46732"}],"wp:term":[{"taxonomy":"product_brand","embeddable":true,"href":"https:\/\/www.klb-koetztal.de\/en\/wp-json\/wp\/v2\/product_brand?post=46732"},{"taxonomy":"product_cat","embeddable":true,"href":"https:\/\/www.klb-koetztal.de\/en\/wp-json\/wp\/v2\/product_cat?post=46732"},{"taxonomy":"product_tag","embeddable":true,"href":"https:\/\/www.klb-koetztal.de\/en\/wp-json\/wp\/v2\/product_tag?post=46732"}],"curies":[{"name":"wp","href":"https:\/\/api.w.org\/{rel}","templated":true}]}}