{"id":46724,"date":"2021-08-19T09:06:43","date_gmt":"2021-08-19T07:06:43","guid":{"rendered":"https:\/\/dev.klb-koetztal.de\/produkt\/klb-system-polyurethan-pu-9030-flex\/"},"modified":"2026-04-01T12:27:57","modified_gmt":"2026-04-01T10:27:57","slug":"klb-system-polyurethan-pu-9030-flex","status":"publish","type":"product","link":"https:\/\/www.klb-koetztal.de\/en\/produkt\/klb-system-polyurethan-pu-9030-flex\/","title":{"rendered":"KLB-SYSTEM POLYURETHAN PU 9030 Flex"},"content":{"rendered":"","protected":false},"excerpt":{"rendered":"<p>Colourless, low-emission 2-component polyurethane binding agent,&#160;light-stable and chalking-resistant for flexible binding colour-stable quartz pebble coatings in&#160;interior or exterior areas.&#160;Solvent-free and odourless.<\/p>\n","protected":false},"featured_media":50151,"template":"","meta":{"_acf_changed":false},"product_brand":[],"product_cat":[9615,9625],"product_tag":[],"class_list":{"0":"post-46724","1":"product","2":"type-product","3":"status-publish","4":"has-post-thumbnail","6":"product_cat-decor-binding-agent-top-sealer-pore-filling","7":"product_cat-decor-binding-agent","9":"first","10":"instock","11":"shipping-taxable","12":"product-type-simple"},"acf":{"product_header":{"module_product_header":{"":null,"prototype_headline":{"headline":"KLB-SYSTEM POLYURETHAN PU 9030 Flex","h1":true,"subheadline":"Yellowing-resistant, low-emission 2-component polyurethane binding agent for interior and exterior areas","anchor":"","url":""},"grid_text_slider":false,"grid_text_content":[{"text":"<p class=\"product-short-title\" style=\"text-align: center;\"><strong>Brief description<\/strong><\/p>\n<p>Colourless, low-emission 2-component polyurethane binding agent,&#160;light-stable and chalking-resistant for flexible binding colour-stable quartz pebble coatings in&#160;interior or exterior areas.&#160;Solvent-free and odourless.<\/p>\n","width":"4","background_color_text":"bg-white","border_color":"border-gray-light"},{"text":"<p class=\"product-sicing-title\" style=\"text-align: center;\"><strong>Packaging units<\/strong><\/p>\n<ul>\n<li>AK6212-70 &#8211; Bucket combo 5.00 kg<\/li>\n<li>AK6212-50 &#8211; Bucket combo 10.00 kg<\/li>\n<\/ul>\n<p><\/p>\n<p>Please do not hesitate to contact us directly for enquiries about larger delivery quantities or packaging units.<\/p>\n\n","width":"4","background_color_text":"bg-white","border_color":"border-gray-light"},{"text":"<p class=\"product-attr-title\" style=\"text-align: center;\"><strong>Properties<\/strong><\/p>\n<ul>\n<li>low-emission formulation<\/li>\n<li>odorless<\/li>\n<li>glossy<\/li>\n<li>viscoplastic<\/li>\n<li>colour-stable<\/li>\n<li>free of deleterious substances against varnish<\/li>\n<li>good processing properties<\/li>\n<li>suitable for renovations<\/li>\n<\/ul>\n","width":"4","background_color_text":"bg-white","border_color":"border-gray-light"}],"background_color":"bg-none","background_color_content":"bg-none"}},"downloads":{"module_download_list":{"inhalt":null,"downloads":[{"download":{"ID":60035,"id":60035,"title":"PU_9030_Flex_PI_en_2024_02","filename":"PU_9030_Flex_PI_en_2024_02.pdf","filesize":556905,"url":"https:\/\/www.klb-koetztal.de\/app\/uploads\/2024\/02\/PU_9030_Flex_PI_en_2024_02.pdf","link":"https:\/\/www.klb-koetztal.de\/en\/?attachment_id=60035","alt":"","author":"7","description":"","caption":"","name":"pu_9030_flex_pi_en_2024_02-2","status":"inherit","uploaded_to":0,"date":"2024-02-09 12:00:19","modified":"2024-02-09 12:00:19","menu_order":0,"mime_type":"application\/pdf","type":"application","subtype":"pdf","icon":"https:\/\/www.klb-koetztal.de\/wp\/wp-includes\/images\/media\/document.png"},"filename":"Product Information","protected":false,"doclang":"GB","externalkey":"Produktinformation","docpos":"2"},{"download":{"ID":60038,"id":60038,"title":"PU_9030_Flex_PI_fr_2024_02","filename":"PU_9030_Flex_PI_fr_2024_02.pdf","filesize":563680,"url":"https:\/\/www.klb-koetztal.de\/app\/uploads\/2024\/02\/PU_9030_Flex_PI_fr_2024_02.pdf","link":"https:\/\/www.klb-koetztal.de\/en\/?attachment_id=60038","alt":"","author":"7","description":"","caption":"","name":"pu_9030_flex_pi_fr_2024_02-2","status":"inherit","uploaded_to":0,"date":"2024-02-09 12:00:21","modified":"2024-02-09 12:00:21","menu_order":0,"mime_type":"application\/pdf","type":"application","subtype":"pdf","icon":"https:\/\/www.klb-koetztal.de\/wp\/wp-includes\/images\/media\/document.png"},"filename":"Information Produit FR","protected":false,"doclang":"FR","externalkey":"Produktinformation","docpos":"3"},{"download":{"ID":59196,"id":59196,"title":"PU_9030_Flex_LE_en_2023_12","filename":"PU_9030_Flex_LE_en_2023_12.pdf","filesize":671083,"url":"https:\/\/www.klb-koetztal.de\/app\/uploads\/2023\/12\/PU_9030_Flex_LE_en_2023_12.pdf","link":"https:\/\/www.klb-koetztal.de\/en\/?attachment_id=59196","alt":"","author":"7","description":"","caption":"","name":"pu_9030_flex_le_en_2023_12-2","status":"inherit","uploaded_to":0,"date":"2023-12-08 12:10:15","modified":"2023-12-08 12:10:15","menu_order":0,"mime_type":"application\/pdf","type":"application","subtype":"pdf","icon":"https:\/\/www.klb-koetztal.de\/wp\/wp-includes\/images\/media\/document.png"},"filename":"Statement of performance","protected":false,"doclang":"GB","externalkey":"Leistungserklaerung","docpos":"2"},{"download":{"ID":59199,"id":59199,"title":"PU_9030_Flex_LE_fr_2023_12","filename":"PU_9030_Flex_LE_fr_2023_12.pdf","filesize":674103,"url":"https:\/\/www.klb-koetztal.de\/app\/uploads\/2023\/12\/PU_9030_Flex_LE_fr_2023_12.pdf","link":"https:\/\/www.klb-koetztal.de\/en\/?attachment_id=59199","alt":"","author":"7","description":"","caption":"","name":"pu_9030_flex_le_fr_2023_12-2","status":"inherit","uploaded_to":0,"date":"2023-12-08 12:10:17","modified":"2023-12-08 12:10:17","menu_order":0,"mime_type":"application\/pdf","type":"application","subtype":"pdf","icon":"https:\/\/www.klb-koetztal.de\/wp\/wp-includes\/images\/media\/document.png"},"filename":"Declaration of performance","protected":false,"doclang":"FR","externalkey":"Leistungserklaerung","docpos":"3"},{"download":{"ID":51321,"id":51321,"title":"EPD-Information","filename":"PU9030_Flex_Umwelt-Deklaration_2022-06.pdf","filesize":2561384,"url":"https:\/\/www.klb-koetztal.de\/app\/uploads\/2022\/06\/PU9030_Flex_Umwelt-Deklaration_2022-06.pdf","link":"https:\/\/www.klb-koetztal.de\/en\/?attachment_id=51321","alt":"","author":"7","description":"","caption":"","name":"pu9030_flex_umwelt-deklaration_2022-06","status":"inherit","uploaded_to":0,"date":"2022-06-30 12:38:03","modified":"2026-04-01 10:28:11","menu_order":0,"mime_type":"application\/pdf","type":"application","subtype":"pdf","icon":"https:\/\/www.klb-koetztal.de\/wp\/wp-includes\/images\/media\/document.png"},"filename":"EPD - Environmental Product Declaration","protected":false,"doclang":"Multi","externalkey":"Umweltproduktdeklaration","docpos":"50"},{"download":false,"filename":"Safety data sheet","protected":true,"doclang":"GB","externalkey":"Sicherheitsdatenblatt","docpos":"2"},{"download":false,"filename":"Fiche de donn\u00e9es de s\u00e9curit\u00e9 FR","protected":true,"doclang":"FR","externalkey":"Sicherheitsdatenblatt","docpos":"3"}],"einstellungen":null,"background_color":"bg-none","background_color_content":"bg-none"}},"included_in_systems":{"module_included_in_systems":{"":null,"background_color":"bg-gray-medium","background_color_content":"bg-none"}},"contact":{"module_contact":{"":null,"background_color":"bg-none","background_color_content":"bg-none"}},"ausschreibende":{"module_ausschreibende":{"andern_sie_den_inhalt_unter_universelle_elemente":null,"background_color":"bg-none","background_color_content":"bg-none"}}},"yoast_head":"<!-- This site is optimized with the Yoast SEO plugin v27.0 - https:\/\/yoast.com\/product\/yoast-seo-wordpress\/ -->\n<title>Weather and UV light-resistant binding agent PU 9030 Flex | KLB<\/title>\n<meta name=\"description\" content=\"Colourless, yellowing and chalk-resistant binder PU 9030 Flex for quartz pebble coverings, stone carpets | KLB floors \u2714\ufe0f DIBt\u00ae, AgBB conform, Eurofins\" \/>\n<meta name=\"robots\" content=\"noindex, follow, max-snippet:-1, max-image-preview:large, max-video-preview:-1\" \/>\n<meta property=\"og:locale\" content=\"en_GB\" \/>\n<meta property=\"og:type\" content=\"article\" \/>\n<meta property=\"og:title\" content=\"Weather and UV light-resistant binding agent PU 9030 Flex | KLB\" \/>\n<meta property=\"og:description\" content=\"Colourless, yellowing and chalk-resistant binder PU 9030 Flex for quartz pebble coverings, stone carpets | KLB floors \u2714\ufe0f DIBt\u00ae, AgBB conform, Eurofins\" \/>\n<meta property=\"og:url\" content=\"https:\/\/www.klb-koetztal.de\/en\/produkt\/klb-system-polyurethan-pu-9030-flex\/\" \/>\n<meta property=\"og:site_name\" content=\"KLB K\u00f6tztal\" \/>\n<meta property=\"article:publisher\" content=\"https:\/\/www.facebook.com\/klbkoetztal\" \/>\n<meta property=\"article:modified_time\" content=\"2026-04-01T10:27:57+00:00\" \/>\n<meta property=\"og:image\" content=\"https:\/\/www.klb-koetztal.de\/app\/uploads\/2022\/03\/PU9030_Flex.jpg\" \/>\n\t<meta property=\"og:image:width\" content=\"500\" \/>\n\t<meta property=\"og:image:height\" content=\"500\" \/>\n\t<meta property=\"og:image:type\" content=\"image\/jpeg\" \/>\n<meta name=\"twitter:card\" content=\"summary_large_image\" \/>\n<script type=\"application\/ld+json\" class=\"yoast-schema-graph\">{\"@context\":\"https:\/\/schema.org\",\"@graph\":[{\"@type\":\"WebPage\",\"@id\":\"https:\/\/www.klb-koetztal.de\/en\/produkt\/klb-system-polyurethan-pu-9030-flex\/\",\"url\":\"https:\/\/www.klb-koetztal.de\/en\/produkt\/klb-system-polyurethan-pu-9030-flex\/\",\"name\":\"Weather and UV light-resistant binding agent PU 9030 Flex | KLB\",\"isPartOf\":{\"@id\":\"https:\/\/www.klb-koetztal.de\/en\/#website\"},\"primaryImageOfPage\":{\"@id\":\"https:\/\/www.klb-koetztal.de\/en\/produkt\/klb-system-polyurethan-pu-9030-flex\/#primaryimage\"},\"image\":{\"@id\":\"https:\/\/www.klb-koetztal.de\/en\/produkt\/klb-system-polyurethan-pu-9030-flex\/#primaryimage\"},\"thumbnailUrl\":\"https:\/\/www.klb-koetztal.de\/app\/uploads\/2022\/03\/PU9030_Flex.jpg\",\"datePublished\":\"2021-08-19T07:06:43+00:00\",\"dateModified\":\"2026-04-01T10:27:57+00:00\",\"description\":\"Colourless, yellowing and chalk-resistant binder PU 9030 Flex for quartz pebble coverings, stone carpets | KLB floors \u2714\ufe0f DIBt\u00ae, AgBB conform, Eurofins\",\"breadcrumb\":{\"@id\":\"https:\/\/www.klb-koetztal.de\/en\/produkt\/klb-system-polyurethan-pu-9030-flex\/#breadcrumb\"},\"inLanguage\":\"en-GB\",\"potentialAction\":[{\"@type\":\"ReadAction\",\"target\":[\"https:\/\/www.klb-koetztal.de\/en\/produkt\/klb-system-polyurethan-pu-9030-flex\/\"]}]},{\"@type\":\"ImageObject\",\"inLanguage\":\"en-GB\",\"@id\":\"https:\/\/www.klb-koetztal.de\/en\/produkt\/klb-system-polyurethan-pu-9030-flex\/#primaryimage\",\"url\":\"https:\/\/www.klb-koetztal.de\/app\/uploads\/2022\/03\/PU9030_Flex.jpg\",\"contentUrl\":\"https:\/\/www.klb-koetztal.de\/app\/uploads\/2022\/03\/PU9030_Flex.jpg\",\"width\":500,\"height\":500},{\"@type\":\"BreadcrumbList\",\"@id\":\"https:\/\/www.klb-koetztal.de\/en\/produkt\/klb-system-polyurethan-pu-9030-flex\/#breadcrumb\",\"itemListElement\":[{\"@type\":\"ListItem\",\"position\":1,\"name\":\"Startseite\",\"item\":\"https:\/\/www.klb-koetztal.de\/en\/\"},{\"@type\":\"ListItem\",\"position\":2,\"name\":\"KLB-SYSTEM POLYURETHAN PU 9030 Flex\"}]},{\"@type\":\"WebSite\",\"@id\":\"https:\/\/www.klb-koetztal.de\/en\/#website\",\"url\":\"https:\/\/www.klb-koetztal.de\/en\/\",\"name\":\"KLB K\u00f6tztal\",\"description\":\"Gute B\u00f6den haben ein System.\",\"potentialAction\":[{\"@type\":\"SearchAction\",\"target\":{\"@type\":\"EntryPoint\",\"urlTemplate\":\"https:\/\/www.klb-koetztal.de\/en\/?s={search_term_string}\"},\"query-input\":{\"@type\":\"PropertyValueSpecification\",\"valueRequired\":true,\"valueName\":\"search_term_string\"}}],\"inLanguage\":\"en-GB\"}]}<\/script>\n<!-- \/ Yoast SEO plugin. -->","yoast_head_json":{"title":"Weather and UV light-resistant binding agent PU 9030 Flex | KLB","description":"Colourless, yellowing and chalk-resistant binder PU 9030 Flex for quartz pebble coverings, stone carpets | KLB floors \u2714\ufe0f DIBt\u00ae, AgBB conform, Eurofins","robots":{"index":"noindex","follow":"follow","max-snippet":"max-snippet:-1","max-image-preview":"max-image-preview:large","max-video-preview":"max-video-preview:-1"},"og_locale":"en_GB","og_type":"article","og_title":"Weather and UV light-resistant binding agent PU 9030 Flex | KLB","og_description":"Colourless, yellowing and chalk-resistant binder PU 9030 Flex for quartz pebble coverings, stone carpets | KLB floors \u2714\ufe0f DIBt\u00ae, AgBB conform, Eurofins","og_url":"https:\/\/www.klb-koetztal.de\/en\/produkt\/klb-system-polyurethan-pu-9030-flex\/","og_site_name":"KLB K\u00f6tztal","article_publisher":"https:\/\/www.facebook.com\/klbkoetztal","article_modified_time":"2026-04-01T10:27:57+00:00","og_image":[{"width":500,"height":500,"url":"https:\/\/www.klb-koetztal.de\/app\/uploads\/2022\/03\/PU9030_Flex.jpg","type":"image\/jpeg"}],"twitter_card":"summary_large_image","schema":{"@context":"https:\/\/schema.org","@graph":[{"@type":"WebPage","@id":"https:\/\/www.klb-koetztal.de\/en\/produkt\/klb-system-polyurethan-pu-9030-flex\/","url":"https:\/\/www.klb-koetztal.de\/en\/produkt\/klb-system-polyurethan-pu-9030-flex\/","name":"Weather and UV light-resistant binding agent PU 9030 Flex | KLB","isPartOf":{"@id":"https:\/\/www.klb-koetztal.de\/en\/#website"},"primaryImageOfPage":{"@id":"https:\/\/www.klb-koetztal.de\/en\/produkt\/klb-system-polyurethan-pu-9030-flex\/#primaryimage"},"image":{"@id":"https:\/\/www.klb-koetztal.de\/en\/produkt\/klb-system-polyurethan-pu-9030-flex\/#primaryimage"},"thumbnailUrl":"https:\/\/www.klb-koetztal.de\/app\/uploads\/2022\/03\/PU9030_Flex.jpg","datePublished":"2021-08-19T07:06:43+00:00","dateModified":"2026-04-01T10:27:57+00:00","description":"Colourless, yellowing and chalk-resistant binder PU 9030 Flex for quartz pebble coverings, stone carpets | KLB floors \u2714\ufe0f DIBt\u00ae, AgBB conform, Eurofins","breadcrumb":{"@id":"https:\/\/www.klb-koetztal.de\/en\/produkt\/klb-system-polyurethan-pu-9030-flex\/#breadcrumb"},"inLanguage":"en-GB","potentialAction":[{"@type":"ReadAction","target":["https:\/\/www.klb-koetztal.de\/en\/produkt\/klb-system-polyurethan-pu-9030-flex\/"]}]},{"@type":"ImageObject","inLanguage":"en-GB","@id":"https:\/\/www.klb-koetztal.de\/en\/produkt\/klb-system-polyurethan-pu-9030-flex\/#primaryimage","url":"https:\/\/www.klb-koetztal.de\/app\/uploads\/2022\/03\/PU9030_Flex.jpg","contentUrl":"https:\/\/www.klb-koetztal.de\/app\/uploads\/2022\/03\/PU9030_Flex.jpg","width":500,"height":500},{"@type":"BreadcrumbList","@id":"https:\/\/www.klb-koetztal.de\/en\/produkt\/klb-system-polyurethan-pu-9030-flex\/#breadcrumb","itemListElement":[{"@type":"ListItem","position":1,"name":"Startseite","item":"https:\/\/www.klb-koetztal.de\/en\/"},{"@type":"ListItem","position":2,"name":"KLB-SYSTEM POLYURETHAN PU 9030 Flex"}]},{"@type":"WebSite","@id":"https:\/\/www.klb-koetztal.de\/en\/#website","url":"https:\/\/www.klb-koetztal.de\/en\/","name":"KLB K\u00f6tztal","description":"Gute B\u00f6den haben ein System.","potentialAction":[{"@type":"SearchAction","target":{"@type":"EntryPoint","urlTemplate":"https:\/\/www.klb-koetztal.de\/en\/?s={search_term_string}"},"query-input":{"@type":"PropertyValueSpecification","valueRequired":true,"valueName":"search_term_string"}}],"inLanguage":"en-GB"}]}},"_links":{"self":[{"href":"https:\/\/www.klb-koetztal.de\/en\/wp-json\/wp\/v2\/product\/46724","targetHints":{"allow":["GET"]}}],"collection":[{"href":"https:\/\/www.klb-koetztal.de\/en\/wp-json\/wp\/v2\/product"}],"about":[{"href":"https:\/\/www.klb-koetztal.de\/en\/wp-json\/wp\/v2\/types\/product"}],"wp:featuredmedia":[{"embeddable":true,"href":"https:\/\/www.klb-koetztal.de\/en\/wp-json\/wp\/v2\/media\/50151"}],"wp:attachment":[{"href":"https:\/\/www.klb-koetztal.de\/en\/wp-json\/wp\/v2\/media?parent=46724"}],"wp:term":[{"taxonomy":"product_brand","embeddable":true,"href":"https:\/\/www.klb-koetztal.de\/en\/wp-json\/wp\/v2\/product_brand?post=46724"},{"taxonomy":"product_cat","embeddable":true,"href":"https:\/\/www.klb-koetztal.de\/en\/wp-json\/wp\/v2\/product_cat?post=46724"},{"taxonomy":"product_tag","embeddable":true,"href":"https:\/\/www.klb-koetztal.de\/en\/wp-json\/wp\/v2\/product_tag?post=46724"}],"curies":[{"name":"wp","href":"https:\/\/api.w.org\/{rel}","templated":true}]}}