{"id":46701,"date":"2021-08-19T09:00:18","date_gmt":"2021-08-19T07:00:18","guid":{"rendered":"https:\/\/dev.klb-koetztal.de\/produkt\/klb-system-polyurethan-pu-410\/"},"modified":"2026-04-01T12:17:53","modified_gmt":"2026-04-01T10:17:53","slug":"klb-system-polyurethan-pu-410","status":"publish","type":"product","link":"https:\/\/www.klb-koetztal.de\/en\/produkt\/klb-system-polyurethan-pu-410\/","title":{"rendered":"KLB-SYSTEM POLYURETHAN PU 410"},"content":{"rendered":"","protected":false},"excerpt":{"rendered":"<p>Low-emission, largely light-stable, elastic 2-component polyurethane coating for producing decorative coverings in recreation rooms, e.g. showrooms, offices, exhibitions, etc.&#160;<br \/>\nEspecially suitable for creative wiping techniques with different colours and coatings in a modern concrete look!&#160;<br \/>\nCertified&#160;according to&#160;Eurofins &#8220;Indoor Air Comfort&#160;Gold&#8221;&#160;as particularly low-emission.<\/p>\n","protected":false},"featured_media":49376,"template":"","meta":{"_acf_changed":false},"product_brand":[],"product_cat":[9609,9611],"product_tag":[],"class_list":{"0":"post-46701","1":"product","2":"type-product","3":"status-publish","4":"has-post-thumbnail","6":"product_cat-coatings","7":"product_cat-2-component-polyurethane-coatings-comfortable-coatings","9":"first","10":"instock","11":"shipping-taxable","12":"product-type-simple"},"acf":{"product_header":{"module_product_header":{"":null,"prototype_headline":{"headline":"KLB-SYSTEM POLYURETHAN PU 410","h1":true,"subheadline":"High-quality, largely light-stable, low-emission 2-component polyurethane coating","anchor":"","url":""},"grid_text_slider":false,"grid_text_content":[{"text":"<p class=\"product-short-title\" style=\"text-align: center;\"><strong>Brief description<\/strong><\/p>\n<p>Low-emission, largely light-stable, elastic 2-component polyurethane coating for producing decorative coverings in recreation rooms, e.g. showrooms, offices, exhibitions, etc.&#160;<\/p>\n<p>Especially suitable for creative wiping techniques with different colours and coatings in a modern concrete look!&#160;<\/p>\n<p>Certified&#160;according to&#160;Eurofins &#8220;Indoor Air Comfort&#160;Gold&#8221;&#160;as particularly low-emission.<\/p>\n","width":"4","background_color_text":"bg-white","border_color":"border-gray-light"},{"text":"<p class=\"product-sicing-title\" style=\"text-align: center;\"><strong>Packaging units<\/strong><\/p>\n<ul>\n<li>AK6149-50 &#8211; Bucket combo 10.00 kg<\/li>\n<li>AK6149-30 &#8211; Hobbock combo 30.00 kg<\/li>\n<\/ul>\n<p><\/p>\n<p>Please do not hesitate to contact us directly for enquiries about larger delivery quantities or packaging units.<\/p>\n\n","width":"4","background_color_text":"bg-white","border_color":"border-gray-light"},{"text":"<p class=\"product-attr-title\" style=\"text-align: center;\"><strong>Properties<\/strong><\/p>\n<ul>\n<li>light-stable for the most part<\/li>\n<li>elastic<\/li>\n<li>crack-bridging<\/li>\n<li>insulating impact sound<\/li>\n<li>tested, low-emission quality<\/li>\n<li>Total Solid according to GISCODE (Test method &#8220;Deutsche Bauchemie&#8221;)<\/li>\n<li>ready-to-use<\/li>\n<li>free of deleterious substances against varnish<\/li>\n<li>coloured surface<\/li>\n<li>suitable for renovations<\/li>\n<\/ul>\n","width":"4","background_color_text":"bg-white","border_color":"border-gray-light"}],"background_color":"bg-none","background_color_content":"bg-none"}},"downloads":{"module_download_list":{"inhalt":null,"downloads":[{"download":{"ID":68336,"id":68336,"title":"PU_410_NEU_PI_en_2025_12","filename":"PU_410_NEU_PI_en_2025_12.pdf","filesize":900193,"url":"https:\/\/www.klb-koetztal.de\/app\/uploads\/2025\/12\/PU_410_NEU_PI_en_2025_12.pdf","link":"https:\/\/www.klb-koetztal.de\/en\/?attachment_id=68336","alt":"","author":"7","description":"","caption":"","name":"pu_410_neu_pi_en_2025_12-2","status":"inherit","uploaded_to":0,"date":"2025-12-11 16:35:57","modified":"2025-12-11 16:35:57","menu_order":0,"mime_type":"application\/pdf","type":"application","subtype":"pdf","icon":"https:\/\/www.klb-koetztal.de\/wp\/wp-includes\/images\/media\/document.png"},"filename":"Product Information","protected":false,"doclang":"GB","externalkey":"Produktinformation","docpos":"2"},{"download":{"ID":68339,"id":68339,"title":"PU_410_NEU_PI_fr_2025_12","filename":"PU_410_NEU_PI_fr_2025_12.pdf","filesize":910401,"url":"https:\/\/www.klb-koetztal.de\/app\/uploads\/2025\/12\/PU_410_NEU_PI_fr_2025_12.pdf","link":"https:\/\/www.klb-koetztal.de\/en\/?attachment_id=68339","alt":"","author":"7","description":"","caption":"","name":"pu_410_neu_pi_fr_2025_12-2","status":"inherit","uploaded_to":0,"date":"2025-12-11 16:36:01","modified":"2025-12-11 16:36:01","menu_order":0,"mime_type":"application\/pdf","type":"application","subtype":"pdf","icon":"https:\/\/www.klb-koetztal.de\/wp\/wp-includes\/images\/media\/document.png"},"filename":"Information Produit FR","protected":false,"doclang":"FR","externalkey":"Produktinformation","docpos":"3"},{"download":{"ID":49380,"id":49380,"title":"Leistungserkl\u00e4rung - Statement of performance","filename":"PU410_LE_2013-04.pdf","filesize":296893,"url":"https:\/\/www.klb-koetztal.de\/app\/uploads\/2022\/03\/PU410_LE_2013-04.pdf","link":"https:\/\/www.klb-koetztal.de\/en\/?attachment_id=49380","alt":"","author":"7","description":"","caption":"","name":"pu410_le_2013-04","status":"inherit","uploaded_to":0,"date":"2022-03-14 09:55:32","modified":"2026-04-01 10:18:02","menu_order":0,"mime_type":"application\/pdf","type":"application","subtype":"pdf","icon":"https:\/\/www.klb-koetztal.de\/wp\/wp-includes\/images\/media\/document.png"},"filename":"Statement of performance - Leistungserkl\u00e4rung","protected":false,"doclang":"Multi","externalkey":"Leistungserklaerung","docpos":"50"},{"download":{"ID":51270,"id":51270,"title":"EPD-Information","filename":"PU410_Umwelt-Deklaration_2022-06.pdf","filesize":2555651,"url":"https:\/\/www.klb-koetztal.de\/app\/uploads\/2022\/06\/PU410_Umwelt-Deklaration_2022-06.pdf","link":"https:\/\/www.klb-koetztal.de\/en\/?attachment_id=51270","alt":"","author":"7","description":"","caption":"","name":"pu410_umwelt-deklaration_2022-06","status":"inherit","uploaded_to":0,"date":"2022-06-22 13:42:53","modified":"2026-04-01 10:18:16","menu_order":0,"mime_type":"application\/pdf","type":"application","subtype":"pdf","icon":"https:\/\/www.klb-koetztal.de\/wp\/wp-includes\/images\/media\/document.png"},"filename":"EPD - Environmental Product Declaration","protected":false,"doclang":"Multi","externalkey":"Umweltproduktdeklaration","docpos":"50"},{"download":false,"filename":"Safety data sheet","protected":true,"doclang":"GB","externalkey":"Sicherheitsdatenblatt","docpos":"2"},{"download":false,"filename":"Fiche de donn\u00e9es de s\u00e9curit\u00e9 FR","protected":true,"doclang":"FR","externalkey":"Sicherheitsdatenblatt","docpos":"3"}],"einstellungen":null,"background_color":"bg-none","background_color_content":"bg-none"}},"included_in_systems":{"module_included_in_systems":{"":null,"background_color":"bg-gray-medium","background_color_content":"bg-none"}},"contact":{"module_contact":{"":null,"background_color":"bg-none","background_color_content":"bg-none"}},"ausschreibende":{"module_ausschreibende":{"andern_sie_den_inhalt_unter_universelle_elemente":null,"background_color":"bg-none","background_color_content":"bg-none"}}},"yoast_head":"<!-- This site is optimized with the Yoast SEO plugin v27.0 - https:\/\/yoast.com\/product\/yoast-seo-wordpress\/ -->\n<title>Low-emission 2-component coating PU 410 | KLB K\u00f6tztal<\/title>\n<meta name=\"description\" content=\"Low-VOC, flexible 2-component polyurethane coating PU 410 for decorative indoor comfort coverings, e.g. offices, exhibitons | KLB floor \u2714\ufe0f Eurofins\" \/>\n<meta name=\"robots\" content=\"index, follow, max-snippet:-1, max-image-preview:large, max-video-preview:-1\" \/>\n<link rel=\"canonical\" href=\"https:\/\/www.klb-koetztal.de\/en\/produkt\/klb-system-polyurethan-pu-410\/\" \/>\n<meta property=\"og:locale\" content=\"en_GB\" \/>\n<meta property=\"og:type\" content=\"article\" \/>\n<meta property=\"og:title\" content=\"Low-emission 2-component coating PU 410 | KLB K\u00f6tztal\" \/>\n<meta property=\"og:description\" content=\"Low-VOC, flexible 2-component polyurethane coating PU 410 for decorative indoor comfort coverings, e.g. offices, exhibitons | KLB floor \u2714\ufe0f Eurofins\" \/>\n<meta property=\"og:url\" content=\"https:\/\/www.klb-koetztal.de\/en\/produkt\/klb-system-polyurethan-pu-410\/\" \/>\n<meta property=\"og:site_name\" content=\"KLB K\u00f6tztal\" \/>\n<meta property=\"article:publisher\" content=\"https:\/\/www.facebook.com\/klbkoetztal\" \/>\n<meta property=\"article:modified_time\" content=\"2026-04-01T10:17:53+00:00\" \/>\n<meta property=\"og:image\" content=\"https:\/\/www.klb-koetztal.de\/app\/uploads\/2022\/03\/PU410.jpg\" \/>\n\t<meta property=\"og:image:width\" content=\"500\" \/>\n\t<meta property=\"og:image:height\" content=\"500\" \/>\n\t<meta property=\"og:image:type\" content=\"image\/jpeg\" \/>\n<meta name=\"twitter:card\" content=\"summary_large_image\" \/>\n<script type=\"application\/ld+json\" class=\"yoast-schema-graph\">{\"@context\":\"https:\/\/schema.org\",\"@graph\":[{\"@type\":\"WebPage\",\"@id\":\"https:\/\/www.klb-koetztal.de\/en\/produkt\/klb-system-polyurethan-pu-410\/\",\"url\":\"https:\/\/www.klb-koetztal.de\/en\/produkt\/klb-system-polyurethan-pu-410\/\",\"name\":\"Low-emission 2-component coating PU 410 | KLB K\u00f6tztal\",\"isPartOf\":{\"@id\":\"https:\/\/www.klb-koetztal.de\/en\/#website\"},\"primaryImageOfPage\":{\"@id\":\"https:\/\/www.klb-koetztal.de\/en\/produkt\/klb-system-polyurethan-pu-410\/#primaryimage\"},\"image\":{\"@id\":\"https:\/\/www.klb-koetztal.de\/en\/produkt\/klb-system-polyurethan-pu-410\/#primaryimage\"},\"thumbnailUrl\":\"https:\/\/www.klb-koetztal.de\/app\/uploads\/2022\/03\/PU410.jpg\",\"datePublished\":\"2021-08-19T07:00:18+00:00\",\"dateModified\":\"2026-04-01T10:17:53+00:00\",\"description\":\"Low-VOC, flexible 2-component polyurethane coating PU 410 for decorative indoor comfort coverings, e.g. offices, exhibitons | KLB floor \u2714\ufe0f Eurofins\",\"breadcrumb\":{\"@id\":\"https:\/\/www.klb-koetztal.de\/en\/produkt\/klb-system-polyurethan-pu-410\/#breadcrumb\"},\"inLanguage\":\"en-GB\",\"potentialAction\":[{\"@type\":\"ReadAction\",\"target\":[\"https:\/\/www.klb-koetztal.de\/en\/produkt\/klb-system-polyurethan-pu-410\/\"]}]},{\"@type\":\"ImageObject\",\"inLanguage\":\"en-GB\",\"@id\":\"https:\/\/www.klb-koetztal.de\/en\/produkt\/klb-system-polyurethan-pu-410\/#primaryimage\",\"url\":\"https:\/\/www.klb-koetztal.de\/app\/uploads\/2022\/03\/PU410.jpg\",\"contentUrl\":\"https:\/\/www.klb-koetztal.de\/app\/uploads\/2022\/03\/PU410.jpg\",\"width\":500,\"height\":500},{\"@type\":\"BreadcrumbList\",\"@id\":\"https:\/\/www.klb-koetztal.de\/en\/produkt\/klb-system-polyurethan-pu-410\/#breadcrumb\",\"itemListElement\":[{\"@type\":\"ListItem\",\"position\":1,\"name\":\"Startseite\",\"item\":\"https:\/\/www.klb-koetztal.de\/en\/\"},{\"@type\":\"ListItem\",\"position\":2,\"name\":\"KLB-SYSTEM POLYURETHAN PU 410\"}]},{\"@type\":\"WebSite\",\"@id\":\"https:\/\/www.klb-koetztal.de\/en\/#website\",\"url\":\"https:\/\/www.klb-koetztal.de\/en\/\",\"name\":\"KLB K\u00f6tztal\",\"description\":\"Gute B\u00f6den haben ein System.\",\"potentialAction\":[{\"@type\":\"SearchAction\",\"target\":{\"@type\":\"EntryPoint\",\"urlTemplate\":\"https:\/\/www.klb-koetztal.de\/en\/?s={search_term_string}\"},\"query-input\":{\"@type\":\"PropertyValueSpecification\",\"valueRequired\":true,\"valueName\":\"search_term_string\"}}],\"inLanguage\":\"en-GB\"}]}<\/script>\n<!-- \/ Yoast SEO plugin. -->","yoast_head_json":{"title":"Low-emission 2-component coating PU 410 | KLB K\u00f6tztal","description":"Low-VOC, flexible 2-component polyurethane coating PU 410 for decorative indoor comfort coverings, e.g. offices, exhibitons | KLB floor \u2714\ufe0f Eurofins","robots":{"index":"index","follow":"follow","max-snippet":"max-snippet:-1","max-image-preview":"max-image-preview:large","max-video-preview":"max-video-preview:-1"},"canonical":"https:\/\/www.klb-koetztal.de\/en\/produkt\/klb-system-polyurethan-pu-410\/","og_locale":"en_GB","og_type":"article","og_title":"Low-emission 2-component coating PU 410 | KLB K\u00f6tztal","og_description":"Low-VOC, flexible 2-component polyurethane coating PU 410 for decorative indoor comfort coverings, e.g. offices, exhibitons | KLB floor \u2714\ufe0f Eurofins","og_url":"https:\/\/www.klb-koetztal.de\/en\/produkt\/klb-system-polyurethan-pu-410\/","og_site_name":"KLB K\u00f6tztal","article_publisher":"https:\/\/www.facebook.com\/klbkoetztal","article_modified_time":"2026-04-01T10:17:53+00:00","og_image":[{"width":500,"height":500,"url":"https:\/\/www.klb-koetztal.de\/app\/uploads\/2022\/03\/PU410.jpg","type":"image\/jpeg"}],"twitter_card":"summary_large_image","schema":{"@context":"https:\/\/schema.org","@graph":[{"@type":"WebPage","@id":"https:\/\/www.klb-koetztal.de\/en\/produkt\/klb-system-polyurethan-pu-410\/","url":"https:\/\/www.klb-koetztal.de\/en\/produkt\/klb-system-polyurethan-pu-410\/","name":"Low-emission 2-component coating PU 410 | KLB K\u00f6tztal","isPartOf":{"@id":"https:\/\/www.klb-koetztal.de\/en\/#website"},"primaryImageOfPage":{"@id":"https:\/\/www.klb-koetztal.de\/en\/produkt\/klb-system-polyurethan-pu-410\/#primaryimage"},"image":{"@id":"https:\/\/www.klb-koetztal.de\/en\/produkt\/klb-system-polyurethan-pu-410\/#primaryimage"},"thumbnailUrl":"https:\/\/www.klb-koetztal.de\/app\/uploads\/2022\/03\/PU410.jpg","datePublished":"2021-08-19T07:00:18+00:00","dateModified":"2026-04-01T10:17:53+00:00","description":"Low-VOC, flexible 2-component polyurethane coating PU 410 for decorative indoor comfort coverings, e.g. offices, exhibitons | KLB floor \u2714\ufe0f Eurofins","breadcrumb":{"@id":"https:\/\/www.klb-koetztal.de\/en\/produkt\/klb-system-polyurethan-pu-410\/#breadcrumb"},"inLanguage":"en-GB","potentialAction":[{"@type":"ReadAction","target":["https:\/\/www.klb-koetztal.de\/en\/produkt\/klb-system-polyurethan-pu-410\/"]}]},{"@type":"ImageObject","inLanguage":"en-GB","@id":"https:\/\/www.klb-koetztal.de\/en\/produkt\/klb-system-polyurethan-pu-410\/#primaryimage","url":"https:\/\/www.klb-koetztal.de\/app\/uploads\/2022\/03\/PU410.jpg","contentUrl":"https:\/\/www.klb-koetztal.de\/app\/uploads\/2022\/03\/PU410.jpg","width":500,"height":500},{"@type":"BreadcrumbList","@id":"https:\/\/www.klb-koetztal.de\/en\/produkt\/klb-system-polyurethan-pu-410\/#breadcrumb","itemListElement":[{"@type":"ListItem","position":1,"name":"Startseite","item":"https:\/\/www.klb-koetztal.de\/en\/"},{"@type":"ListItem","position":2,"name":"KLB-SYSTEM POLYURETHAN PU 410"}]},{"@type":"WebSite","@id":"https:\/\/www.klb-koetztal.de\/en\/#website","url":"https:\/\/www.klb-koetztal.de\/en\/","name":"KLB K\u00f6tztal","description":"Gute B\u00f6den haben ein System.","potentialAction":[{"@type":"SearchAction","target":{"@type":"EntryPoint","urlTemplate":"https:\/\/www.klb-koetztal.de\/en\/?s={search_term_string}"},"query-input":{"@type":"PropertyValueSpecification","valueRequired":true,"valueName":"search_term_string"}}],"inLanguage":"en-GB"}]}},"_links":{"self":[{"href":"https:\/\/www.klb-koetztal.de\/en\/wp-json\/wp\/v2\/product\/46701","targetHints":{"allow":["GET"]}}],"collection":[{"href":"https:\/\/www.klb-koetztal.de\/en\/wp-json\/wp\/v2\/product"}],"about":[{"href":"https:\/\/www.klb-koetztal.de\/en\/wp-json\/wp\/v2\/types\/product"}],"wp:featuredmedia":[{"embeddable":true,"href":"https:\/\/www.klb-koetztal.de\/en\/wp-json\/wp\/v2\/media\/49376"}],"wp:attachment":[{"href":"https:\/\/www.klb-koetztal.de\/en\/wp-json\/wp\/v2\/media?parent=46701"}],"wp:term":[{"taxonomy":"product_brand","embeddable":true,"href":"https:\/\/www.klb-koetztal.de\/en\/wp-json\/wp\/v2\/product_brand?post=46701"},{"taxonomy":"product_cat","embeddable":true,"href":"https:\/\/www.klb-koetztal.de\/en\/wp-json\/wp\/v2\/product_cat?post=46701"},{"taxonomy":"product_tag","embeddable":true,"href":"https:\/\/www.klb-koetztal.de\/en\/wp-json\/wp\/v2\/product_tag?post=46701"}],"curies":[{"name":"wp","href":"https:\/\/api.w.org\/{rel}","templated":true}]}}